{"id":2095,"date":"2026-02-26T10:22:33","date_gmt":"2026-02-26T09:22:33","guid":{"rendered":"https:\/\/www.ineventio.com\/declaracion-de-accesibilidad\/"},"modified":"2026-03-05T08:09:26","modified_gmt":"2026-03-05T07:09:26","slug":"dichiarazione-di-accessibilita","status":"publish","type":"page","link":"https:\/\/www.ineventio.com\/it\/dichiarazione-di-accessibilita\/","title":{"rendered":"Dichiarazione di Accessibilit\u00e0"},"content":{"rendered":"\t\t<div data-elementor-type=\"wp-page\" data-elementor-id=\"2095\" class=\"elementor elementor-2095 elementor-1227\">\n\t\t\t\t<div class=\"elementor-element elementor-element-be296ec e-flex e-con-boxed e-con e-parent\" data-id=\"be296ec\" data-element_type=\"container\" data-e-type=\"container\">\n\t\t\t\t\t<div class=\"e-con-inner\">\n\t\t\t\t<div class=\"elementor-element elementor-element-8fea44d elementor-widget__width-initial elementor-align-left elementor-widget elementor-widget-raven-heading\" data-id=\"8fea44d\" data-element_type=\"widget\" data-e-type=\"widget\" data-widget_type=\"raven-heading.default\">\n\t\t\t\t<div class=\"elementor-widget-container\">\n\t\t\t\t\t\t\t<div class=\"raven-widget-wrapper\"><h1 class=\"raven-heading raven-heading-h1\"><span class=\"raven-heading-title \"><span style=\"border-bottom: 4px solid#c01944\">Dichiarazione<\/span> di Accessibilit\u00e0<\/span><\/h1><\/div>\n\t\t\t\t\t\t<\/div>\n\t\t\t\t<\/div>\n\t\t\t\t\t<\/div>\n\t\t\t\t<\/div>\n\t\t<div class=\"elementor-element elementor-element-ae9fb19 e-flex e-con-boxed e-con e-parent\" data-id=\"ae9fb19\" data-element_type=\"container\" data-e-type=\"container\">\n\t\t\t\t\t<div class=\"e-con-inner\">\n\t\t\t\t<div class=\"elementor-element elementor-element-7cc1a63 elementor-widget elementor-widget-text-editor\" data-id=\"7cc1a63\" data-element_type=\"widget\" data-e-type=\"widget\" data-widget_type=\"text-editor.default\">\n\t\t\t\t\t\t\t\t\t<p>INEVENTIO, in conformit\u00e0 con il Real Decreto 1112\/2018, del 7 settembre, sull\u2019accessibilit\u00e0 dei siti web e delle applicazioni per dispositivi mobili del settore pubblico, con cui si recepisce la Direttiva (UE) 2016\/2102 del Parlamento Europeo e del Consiglio.<\/p><p>La presente dichiarazione di accessibilit\u00e0 si applica al portale <a class=\"nombreDomNRGTM\" href=\"https:\/\/nic.es\/sgnd\/dominio\/publicValidacionDetalleWhois.action?dtt=95f921be4581a7f744563e289ce681ac\">i<\/a>neventio.com<\/p><p>\u00a0<\/p><p><b>1.- Stato di conformit\u00e0<\/b><\/p><p>\u00a0<\/p><p>Questo sito web \u00e8 parzialmente accessibile in conformit\u00e0 al RD 1112\/2018 del 22 aprile, a causa delle eccezioni e della mancata conformit\u00e0 degli aspetti indicati di seguito.<\/p><p>\u00a0<\/p><p><b>2.- Contenuti non accessibili<\/b><\/p><p>\u00a0<\/p><p>I contenuti di seguito riportati non sono accessibili per i seguenti motivi:<\/p><p>Mancata conformit\u00e0 al RD 1112\/2018<\/p><ul><li>Potrebbero esistere errori puntuali di editing in alcune pagine web.<\/li><\/ul><p>Onere sproporzionato<\/p><ul><li>Non applicabile.<\/li><\/ul><p>Il contenuto non rientra nell\u2019ambito della normativa applicabile<\/p><ul><li>File d\u2019ufficio in PDF o altri formati, cos\u00ec come applicazioni pubblicate prima del 20 settembre 2018 che non soddisfano integralmente tutti i requisiti di accessibilit\u00e0.<\/li><li>Servizi di mappe e cartografia online.<\/li><li>Contenuti di terzi.<\/li><\/ul><p><b>3.- Preparazione della presente dichiarazione di accessibilit\u00e0<\/b><\/p><p>\u00a0<\/p><p>La presente dichiarazione \u00e8 stata redatta il 26 febbraio 2026 ed \u00e8 basata sulla valutazione effettuata da S&amp;E DESARROLLO LOCAL Y TICS SCA.<\/p><p>La data dell\u2019ultima revisione \u00e8 il <strong>26 febbraio 2026.<\/strong><\/p><p>\u00a0<\/p><p><b>4.- Osservazioni e dati di contatto<\/b><\/p><p>\u00a0<\/p><p>Se rileva che un contenuto di questo sito web non \u00e8 accessibile o se ha qualche dubbio in relazione all\u2019accessibilit\u00e0 di questo sito web, pu\u00f2 comunicarlo:<\/p><ul><li>Attraverso la <a href=\"https:\/\/www.ineventio.com\/it\/contatto\/\" rel=\"noopener\">pagina di contatto<\/a>, utilizzando il <strong>modulo di contatto<\/strong> messo a disposizione dal sito web.<\/li><\/ul><p><b>5.- Procedura di applicazione<\/b><\/p><p>\u00a0<\/p><p>Sar\u00e0 attivata una procedura di applicazione adeguata ed efficace a cui ricorrere nel caso in cui la risposta alla comunicazione o alla richiesta sia insoddisfacente.<\/p><p>\u00a0<\/p><p><b>6.- Compatibilit\u00e0 con sistemi operativi e browser<\/b><\/p><p>\u00a0<\/p><p>Il sito web \u00e8 progettato per essere compatibile con le seguenti tecnologie di supporto:<\/p><ul><li>L\u2019ultima versione dei browser Microsoft Edge, Google Chrome, Mozilla Firefox e Apple Safari;<\/li><\/ul><p><b>7.- Specifiche tecniche<\/b><\/p><p>\u00a0<\/p><p>L\u2019accessibilit\u00e0 del sito web si basa sulle seguenti tecnologie per funzionare con la particolare combinazione di browser web e qualsiasi tecnologia di supporto o plugin installati sul suo computer:<\/p><ul><li>HTML<\/li><li>WAI-ARIA<\/li><li>CSS<\/li><li>JavaScript<\/li><li>SVG<\/li><\/ul><p><b>8.- Contenuto opzionale<\/b><\/p><p>\u00a0<\/p><p>Conformit\u00e0 al livello AA (doppia A) delle Linee guida sull\u2019accessibilit\u00e0 raccomandate dal W3C.<\/p><p>Tutte le pagine di questo sito web rispettano le <strong>Linee guida sull\u2019accessibilit\u00e0<\/strong> o i Principi Generali di Progettazione Accessibile stabiliti dal W3C.<\/p><p>Il <strong>design visivo<\/strong> \u00e8 stato realizzato secondo la raccomandazione del W3C sulle Cascading Style Sheets, Livello 3 (CSS3). Se il browser o il dispositivo di navigazione non supporta i fogli di stile, il contenuto del sito resta comunque completamente leggibile grazie alla sua marcatura strutturale.<\/p><p><strong>Dimensione del testo<\/strong><\/p><p>\u00a0<\/p><p>Il design accessibile di questo sito web consente all\u2019utente di scegliere la dimensione del testo pi\u00f9 adatta. Il design \u00e8 stato espresso in valori relativi (em e rem). Questa azione pu\u00f2 essere eseguita in modi diversi a seconda del browser utilizzato oppure si possono usare direttamente i controlli A+ e a- forniti nelle pagine di dettaglio.<\/p><p>Navegador Azione da eseguire<\/p><p>Explorer Visualizza &gt; Dimensione testo<br \/>Firefox Visualizza &gt; Dimensione<br \/>Chrome Icona chiave inglese &gt; Opzioni &gt; Avanzate &gt; Contenuti web &gt; Dimensione <strong>carattere<\/strong><br \/>Safari Visualizzazione &gt; ingrandisci\/riduci<br \/>Opera Visualizza &gt; scala<\/p><p>Un altro modo per modificare la dimensione del testo \u00e8 utilizzare le scorciatoie da tastiera definite nei browser, in particolare la combinazione di tasti CTRL e + per aumentare la dimensione del testo, e CTRL e \u2013 per ridurla, comune alla maggior parte dei browser.<\/p>\t\t\t\t\t\t\t\t<\/div>\n\t\t\t\t\t<\/div>\n\t\t\t\t<\/div>\n\t\t\t\t<\/div>\n\t\t","protected":false},"excerpt":{"rendered":"<p>Dichiarazione di Accessibilit\u00e0 INEVENTIO, in conformit\u00e0 con il Real Decreto 1112\/2018, del 7 settembre, sull\u2019accessibilit\u00e0 dei siti web e delle applicazioni per dispositivi mobili del settore pubblico, con cui si recepisce la Direttiva (UE) 2016\/2102 del Parlamento Europeo e del Consiglio. La presente dichiarazione di accessibilit\u00e0 si applica al portale ineventio.com \u00a0 1.- Stato di [&hellip;]<\/p>\n","protected":false},"author":1,"featured_media":0,"parent":0,"menu_order":0,"comment_status":"closed","ping_status":"closed","template":"full-width.php","meta":{"_acf_changed":false,"footnotes":""},"class_list":["post-2095","page","type-page","status-publish","hentry"],"acf":[],"yoast_head":"<!-- This site is optimized with the Yoast SEO plugin v27.1.1 - https:\/\/yoast.com\/product\/yoast-seo-wordpress\/ -->\n<title>Dichiarazione di Accessibilit\u00e0 - INEVENTIO<\/title>\n<meta name=\"robots\" content=\"noindex, nofollow\" \/>\n<meta property=\"og:locale\" content=\"it_IT\" \/>\n<meta property=\"og:type\" content=\"article\" \/>\n<meta property=\"og:title\" content=\"Dichiarazione di Accessibilit\u00e0 - INEVENTIO\" \/>\n<meta property=\"og:description\" content=\"Dichiarazione di Accessibilit\u00e0 INEVENTIO, in conformit\u00e0 con il Real Decreto 1112\/2018, del 7 settembre, sull\u2019accessibilit\u00e0 dei siti web e delle applicazioni per dispositivi mobili del settore pubblico, con cui si recepisce la Direttiva (UE) 2016\/2102 del Parlamento Europeo e del Consiglio. La presente dichiarazione di accessibilit\u00e0 si applica al portale ineventio.com \u00a0 1.- Stato di [&hellip;]\" \/>\n<meta property=\"og:url\" content=\"https:\/\/www.ineventio.com\/declaracion-de-accesibilidad\/\" \/>\n<meta property=\"og:site_name\" content=\"INEVENTIO\" \/>\n<meta property=\"article:modified_time\" content=\"2026-03-05T07:09:26+00:00\" \/>\n<meta name=\"twitter:card\" content=\"summary_large_image\" \/>\n<meta name=\"twitter:label1\" content=\"Tempo di lettura stimato\" \/>\n\t<meta name=\"twitter:data1\" content=\"1 minuto\" \/>\n<script type=\"application\/ld+json\" class=\"yoast-schema-graph\">{\"@context\":\"https:\/\/schema.org\",\"@graph\":[{\"@type\":\"WebPage\",\"@id\":\"https:\/\/www.ineventio.com\/declaracion-de-accesibilidad\/\",\"url\":\"https:\/\/www.ineventio.com\/declaracion-de-accesibilidad\/\",\"name\":\"Dichiarazione di Accessibilit\u00e0 - INEVENTIO\",\"isPartOf\":{\"@id\":\"https:\/\/www.ineventio.com\/#website\"},\"datePublished\":\"2026-02-26T09:22:33+00:00\",\"dateModified\":\"2026-03-05T07:09:26+00:00\",\"breadcrumb\":{\"@id\":\"https:\/\/www.ineventio.com\/declaracion-de-accesibilidad\/#breadcrumb\"},\"inLanguage\":\"it-IT\",\"potentialAction\":[{\"@type\":\"ReadAction\",\"target\":[\"https:\/\/www.ineventio.com\/declaracion-de-accesibilidad\/\"]}]},{\"@type\":\"BreadcrumbList\",\"@id\":\"https:\/\/www.ineventio.com\/declaracion-de-accesibilidad\/#breadcrumb\",\"itemListElement\":[{\"@type\":\"ListItem\",\"position\":1,\"name\":\"Portada\",\"item\":\"https:\/\/www.ineventio.com\/\"},{\"@type\":\"ListItem\",\"position\":2,\"name\":\"Dichiarazione di Accessibilit\u00e0\"}]},{\"@type\":\"WebSite\",\"@id\":\"https:\/\/www.ineventio.com\/#website\",\"url\":\"https:\/\/www.ineventio.com\/\",\"name\":\"INEVENTIO\",\"description\":\"\",\"publisher\":{\"@id\":\"https:\/\/www.ineventio.com\/#organization\"},\"potentialAction\":[{\"@type\":\"SearchAction\",\"target\":{\"@type\":\"EntryPoint\",\"urlTemplate\":\"https:\/\/www.ineventio.com\/?s={search_term_string}\"},\"query-input\":{\"@type\":\"PropertyValueSpecification\",\"valueRequired\":true,\"valueName\":\"search_term_string\"}}],\"inLanguage\":\"it-IT\"},{\"@type\":\"Organization\",\"@id\":\"https:\/\/www.ineventio.com\/#organization\",\"name\":\"INEVENTIO\",\"url\":\"https:\/\/www.ineventio.com\/\",\"logo\":{\"@type\":\"ImageObject\",\"inLanguage\":\"it-IT\",\"@id\":\"https:\/\/www.ineventio.com\/#\/schema\/logo\/image\/\",\"url\":\"https:\/\/www.ineventio.com\/wp-content\/uploads\/2025\/11\/Ineventio-logotipo_color_00001.svg\",\"contentUrl\":\"https:\/\/www.ineventio.com\/wp-content\/uploads\/2025\/11\/Ineventio-logotipo_color_00001.svg\",\"width\":858,\"height\":230,\"caption\":\"INEVENTIO\"},\"image\":{\"@id\":\"https:\/\/www.ineventio.com\/#\/schema\/logo\/image\/\"}}]}<\/script>\n<!-- \/ Yoast SEO plugin. -->","yoast_head_json":{"title":"Dichiarazione di Accessibilit\u00e0 - INEVENTIO","robots":{"index":"noindex","follow":"nofollow"},"og_locale":"it_IT","og_type":"article","og_title":"Dichiarazione di Accessibilit\u00e0 - INEVENTIO","og_description":"Dichiarazione di Accessibilit\u00e0 INEVENTIO, in conformit\u00e0 con il Real Decreto 1112\/2018, del 7 settembre, sull\u2019accessibilit\u00e0 dei siti web e delle applicazioni per dispositivi mobili del settore pubblico, con cui si recepisce la Direttiva (UE) 2016\/2102 del Parlamento Europeo e del Consiglio. La presente dichiarazione di accessibilit\u00e0 si applica al portale ineventio.com \u00a0 1.- Stato di [&hellip;]","og_url":"https:\/\/www.ineventio.com\/declaracion-de-accesibilidad\/","og_site_name":"INEVENTIO","article_modified_time":"2026-03-05T07:09:26+00:00","twitter_card":"summary_large_image","twitter_misc":{"Tempo di lettura stimato":"1 minuto"},"schema":{"@context":"https:\/\/schema.org","@graph":[{"@type":"WebPage","@id":"https:\/\/www.ineventio.com\/declaracion-de-accesibilidad\/","url":"https:\/\/www.ineventio.com\/declaracion-de-accesibilidad\/","name":"Dichiarazione di Accessibilit\u00e0 - INEVENTIO","isPartOf":{"@id":"https:\/\/www.ineventio.com\/#website"},"datePublished":"2026-02-26T09:22:33+00:00","dateModified":"2026-03-05T07:09:26+00:00","breadcrumb":{"@id":"https:\/\/www.ineventio.com\/declaracion-de-accesibilidad\/#breadcrumb"},"inLanguage":"it-IT","potentialAction":[{"@type":"ReadAction","target":["https:\/\/www.ineventio.com\/declaracion-de-accesibilidad\/"]}]},{"@type":"BreadcrumbList","@id":"https:\/\/www.ineventio.com\/declaracion-de-accesibilidad\/#breadcrumb","itemListElement":[{"@type":"ListItem","position":1,"name":"Portada","item":"https:\/\/www.ineventio.com\/"},{"@type":"ListItem","position":2,"name":"Dichiarazione di Accessibilit\u00e0"}]},{"@type":"WebSite","@id":"https:\/\/www.ineventio.com\/#website","url":"https:\/\/www.ineventio.com\/","name":"INEVENTIO","description":"","publisher":{"@id":"https:\/\/www.ineventio.com\/#organization"},"potentialAction":[{"@type":"SearchAction","target":{"@type":"EntryPoint","urlTemplate":"https:\/\/www.ineventio.com\/?s={search_term_string}"},"query-input":{"@type":"PropertyValueSpecification","valueRequired":true,"valueName":"search_term_string"}}],"inLanguage":"it-IT"},{"@type":"Organization","@id":"https:\/\/www.ineventio.com\/#organization","name":"INEVENTIO","url":"https:\/\/www.ineventio.com\/","logo":{"@type":"ImageObject","inLanguage":"it-IT","@id":"https:\/\/www.ineventio.com\/#\/schema\/logo\/image\/","url":"https:\/\/www.ineventio.com\/wp-content\/uploads\/2025\/11\/Ineventio-logotipo_color_00001.svg","contentUrl":"https:\/\/www.ineventio.com\/wp-content\/uploads\/2025\/11\/Ineventio-logotipo_color_00001.svg","width":858,"height":230,"caption":"INEVENTIO"},"image":{"@id":"https:\/\/www.ineventio.com\/#\/schema\/logo\/image\/"}}]}},"_links":{"self":[{"href":"https:\/\/www.ineventio.com\/it\/wp-json\/wp\/v2\/pages\/2095","targetHints":{"allow":["GET"]}}],"collection":[{"href":"https:\/\/www.ineventio.com\/it\/wp-json\/wp\/v2\/pages"}],"about":[{"href":"https:\/\/www.ineventio.com\/it\/wp-json\/wp\/v2\/types\/page"}],"author":[{"embeddable":true,"href":"https:\/\/www.ineventio.com\/it\/wp-json\/wp\/v2\/users\/1"}],"replies":[{"embeddable":true,"href":"https:\/\/www.ineventio.com\/it\/wp-json\/wp\/v2\/comments?post=2095"}],"version-history":[{"count":4,"href":"https:\/\/www.ineventio.com\/it\/wp-json\/wp\/v2\/pages\/2095\/revisions"}],"predecessor-version":[{"id":2110,"href":"https:\/\/www.ineventio.com\/it\/wp-json\/wp\/v2\/pages\/2095\/revisions\/2110"}],"wp:attachment":[{"href":"https:\/\/www.ineventio.com\/it\/wp-json\/wp\/v2\/media?parent=2095"}],"curies":[{"name":"wp","href":"https:\/\/api.w.org\/{rel}","templated":true}]}}