{"id":2283,"date":"2026-02-26T10:14:51","date_gmt":"2026-02-26T09:14:51","guid":{"rendered":"https:\/\/www.ineventio.com\/politica-de-cookies\/"},"modified":"2026-03-05T11:26:16","modified_gmt":"2026-03-05T10:26:16","slug":"politica-dei-cookie","status":"publish","type":"page","link":"https:\/\/www.ineventio.com\/it\/politica-dei-cookie\/","title":{"rendered":"Politica dei cookie"},"content":{"rendered":"\t\t<div data-elementor-type=\"wp-page\" data-elementor-id=\"2283\" class=\"elementor elementor-2283 elementor-1215\">\n\t\t\t\t<div class=\"elementor-element elementor-element-be296ec e-flex e-con-boxed e-con e-parent\" data-id=\"be296ec\" data-element_type=\"container\" data-e-type=\"container\">\n\t\t\t\t\t<div class=\"e-con-inner\">\n\t\t\t\t<div class=\"elementor-element elementor-element-8fea44d elementor-widget__width-initial elementor-align-left elementor-widget elementor-widget-raven-heading\" data-id=\"8fea44d\" data-element_type=\"widget\" data-e-type=\"widget\" data-widget_type=\"raven-heading.default\">\n\t\t\t\t<div class=\"elementor-widget-container\">\n\t\t\t\t\t\t\t<div class=\"raven-widget-wrapper\"><h1 class=\"raven-heading raven-heading-h1\"><span class=\"raven-heading-title \"><span style=\"border-bottom: 4px solid#c01944\">Politica<\/span> dei cookie<\/span><\/h1><\/div>\n\t\t\t\t\t\t<\/div>\n\t\t\t\t<\/div>\n\t\t\t\t\t<\/div>\n\t\t\t\t<\/div>\n\t\t<div class=\"elementor-element elementor-element-ae9fb19 e-flex e-con-boxed e-con e-parent\" data-id=\"ae9fb19\" data-element_type=\"container\" data-e-type=\"container\">\n\t\t\t\t\t<div class=\"e-con-inner\">\n\t\t\t\t<div class=\"elementor-element elementor-element-7bc4dfe elementor-widget elementor-widget-text-editor\" data-id=\"7bc4dfe\" data-element_type=\"widget\" data-e-type=\"widget\" data-widget_type=\"text-editor.default\">\n\t\t\t\t\t\t\t\t\t<p><b style=\"text-transform: uppercase;\">1.- Cosa sono i cookie?<\/b><\/p><p>\u00a0<\/p><p>Un cookie \u00e8 un piccolo file di testo che viene memorizzato sul computer, tablet, telefono cellulare o, in generale, sul dispositivo utilizzato per navigare su Internet e che pu\u00f2 salvare informazioni relative alla frequenza con cui si visitano le pagine web, alle preferenze di navigazione, alle informazioni di maggiore interesse, nomi utente, registrazione di prodotti, ecc. Si tratta di strumenti che svolgono un ruolo essenziale per la prestazione di numerosi servizi della societ\u00e0 dell\u2019informazione.<\/p><p>Durante la navigazione nel nostro sito web \u00e8 possibile che raccogliamo informazioni relative al flusso del traffico e ai modelli di visita delle pagine del nostro dominio. Tali informazioni saranno trattate tramite cookie (piccole quantit\u00e0 di informazioni in formato testo che la pagina invia al computer o al dispositivo dell\u2019utente durante la visita).<\/p><p>Lo scopo dell\u2019utilizzo dei cookie \u00e8 personalizzare l\u2019accesso alla pagina con l\u2019obiettivo di migliorare la navigazione e le condizioni di funzionalit\u00e0.<\/p><p>\u00a0<\/p><p><b style=\"text-transform: uppercase;\">2.- Tipologia di cookie<\/b><b><\/b><\/p><p>A seconda dell\u2019entit\u00e0 che gestisce il dominio dal quale vengono inviati i cookie e che tratta i dati ottenuti, si possono distinguere due tipi:<\/p><ul><li><strong>Cookie propri:<\/strong> quelli inviati al dispositivo dell\u2019utente da un dispositivo o dominio gestito dall\u2019editore stesso e dal quale viene fornito il servizio richiesto dall\u2019utente.<\/li><li><strong>Cookie di terze parti:<\/strong> quelli inviati al dispositivo dell\u2019utente da un dispositivo o dominio non gestito dall\u2019editore ma da un\u2019altra entit\u00e0 che tratta i dati ottenuti tramite i cookie.<\/li><\/ul><p>Nel caso in cui i cookie siano installati da un dispositivo o dominio gestito dall\u2019editore ma le informazioni raccolte tramite essi siano gestite da una terza parte, non possono essere considerati cookie propri.<\/p><p>Esiste anche una seconda classificazione in base al periodo di tempo durante il quale rimangono memorizzati nel browser del cliente:<\/p><ul><li><strong>Cookie di sessione:<\/strong> progettati per raccogliere e memorizzare dati mentre l\u2019utente accede a una pagina web. Vengono generalmente utilizzati per memorizzare informazioni che interessano solo per la prestazione del servizio richiesto dall\u2019utente in una sola occasione (ad esempio una lista di prodotti acquistati).<\/li><li><strong>Cookie persistenti:<\/strong> i dati rimangono memorizzati nel dispositivo e possono essere accessibili e trattati per un periodo definito dal responsabile del cookie, che pu\u00f2 variare da pochi minuti a diversi anni.<\/li><\/ul><p>Infine, esiste un\u2019altra classificazione con cinque tipi di cookie in base alla finalit\u00e0 per cui vengono trattati i dati ottenuti:<\/p><ul><li><strong>Cookie tecnici:<\/strong> consentono all\u2019utente di navigare attraverso una pagina web, piattaforma o applicazione e utilizzare le diverse opzioni o servizi presenti, come ad esempio controllare il traffico e la comunicazione dei dati, identificare la sessione, accedere a parti ad accesso riservato, ricordare gli elementi che compongono un ordine, effettuare il processo di acquisto, richiedere l\u2019iscrizione o la partecipazione a un evento, utilizzare elementi di sicurezza durante la navigazione, memorizzare contenuti per la diffusione di video o audio o condividere contenuti tramite social network.<\/li><li><strong>Cookie di personalizzazione:<\/strong> permettono all\u2019utente di accedere al servizio con alcune caratteristiche generali predefinite in base a una serie di criteri nel dispositivo dell\u2019utente, come ad esempio la lingua, il tipo di browser utilizzato per accedere al servizio, la configurazione regionale da cui si accede al servizio, ecc.<\/li><li><strong>Cookie di analisi:<\/strong> consentono al responsabile degli stessi di monitorare e analizzare il comportamento degli utenti dei siti web a cui sono collegati. Le informazioni raccolte tramite questo tipo di cookie vengono utilizzate per la misurazione dell\u2019attivit\u00e0 dei siti web, applicazioni o piattaforme e per l\u2019elaborazione di profili di navigazione degli utenti di tali siti, applicazioni e piattaforme, al fine di introdurre miglioramenti sulla base dell\u2019analisi dei dati di utilizzo degli utenti del servizio.<\/li><li><strong>Cookie pubblicitari:<\/strong> permettono la gestione, nel modo pi\u00f9 efficace possibile, degli spazi pubblicitari.<\/li><li><strong>Cookie di pubblicit\u00e0 comportamentale:<\/strong> memorizzano informazioni sul comportamento degli utenti ottenute attraverso l\u2019osservazione continua delle loro abitudini di navigazione, permettendo di sviluppare un profilo specifico per mostrare pubblicit\u00e0 in funzione dello stesso.<\/li><li><strong>Cookie dei social network esterni:<\/strong> vengono utilizzati affinch\u00e9 i visitatori possano interagire con i contenuti di diverse piattaforme social (facebook, youtube, twitter, linkedIn, ecc.) e sono generati solo per gli utenti di tali social network. Le condizioni di utilizzo di questi cookie e le informazioni raccolte sono regolate dalla politica sulla privacy della piattaforma sociale corrispondente.<\/li><\/ul><p style=\"text-align: left;\"><b>3.- DISATTIVAZIONE<\/b><\/p><p style=\"text-align: left;\">\u00a0<\/p><p>Hai la possibilit\u00e0 di consentire, bloccare o eliminare i cookie installati sul tuo dispositivo tramite la configurazione delle opzioni del browser installato sul tuo dispositivo. Disattivando i cookie, alcuni dei servizi disponibili potrebbero non funzionare correttamente. Il modo di disabilitare i cookie \u00e8 diverso per ogni browser, ma normalmente pu\u00f2 essere fatto dal menu Strumenti o Opzioni. \u00c8 inoltre possibile consultare il menu di Aiuto del browser dove \u00e8 possibile trovare istruzioni. L\u2019utente pu\u00f2 in qualsiasi momento scegliere quali cookie desidera che funzionino su questo sito web.<\/p><p>\u00c8 possibile consentire, bloccare o eliminare i cookie installati sul proprio dispositivo tramite la configurazione delle opzioni del browser installato sul proprio computer:<\/p><ul><li>Microsoft Internet Explorer o Microsoft Edge: per accedere alle impostazioni dei cookie del browser Internet Explorer segui questi passaggi (possono variare a seconda della versione del browser): vai su Strumenti, Opzioni Internet. Clicca su Privacy. Sposta il cursore per regolare il livello di privacy desiderato. <a href=\"http:\/\/windows.microsoft.com\/es-es\/windows-vista\/Block-or-allow-cookies\">http:\/\/windows.microsoft.com\/es-es\/windows-vista\/Block-or-allow-cookies<\/a><\/li><li>Firefox: per accedere alle impostazioni dei cookie del browser Firefox segui questi passaggi (possono variare a seconda della versione del browser): vai su Opzioni o Preferenze a seconda del sistema operativo. Clicca su Privacy. In Cronologia scegli Usa impostazioni personalizzate per la cronologia. Ora vedrai l\u2019opzione Accetta cookie, che puoi attivare o disattivare secondo le tue preferenze. Per maggiori informazioni http:\/\/support.mozilla.org\/es\/kb\/impedir-que-los-sitios-web-guarden-sus-preferencia<\/li><li>Chrome: di seguito indichiamo come accedere a un cookie specifico nel browser Chrome: vai su Configurazione o Preferenze tramite il menu File oppure cliccando sull\u2019icona di personalizzazione in alto a destra. Vedrai diverse sezioni, clicca su Mostra opzioni avanzate. Vai su Privacy, Impostazioni contenuti. Seleziona Tutti i cookie e i dati dei siti. Apparir\u00e0 un elenco con tutti i cookie ordinati per dominio. Per trovare pi\u00f9 facilmente i cookie di un determinato dominio inserisci parzialmente o totalmente l\u2019indirizzo nel campo Cerca cookie. Dopo aver effettuato questo filtro appariranno una o pi\u00f9 righe con i cookie del sito richiesto. Ora devi solo selezionarlo e premere la X per eliminarlo. Per maggiori informazioni <a href=\"https:\/\/support.google.com\/accounts\/answer\/61416?hl=es\">https:\/\/support.google.com\/accounts\/answer\/61416?hl=es<\/a><\/li><li>Safari: per accedere alle impostazioni dei cookie del browser Safari per OSX segui questi passaggi (possono variare a seconda della versione del browser): vai su Preferenze, poi Privacy. Qui troverai l\u2019opzione Blocca cookie per regolare il tipo di blocco desiderato. Per accedere alle impostazioni dei cookie del browser Safari per iOS segui questi passaggi (possono variare a seconda della versione del browser):<\/li><\/ul><p>Vai su Impostazioni, poi Safari. Vai su Privacy e Sicurezza, vedrai l\u2019opzione Blocca cookie per regolare il tipo di blocco desiderato. http:\/\/safari.helpmax.net\/es\/privacidad-y-seguridad\/como-gestionar-las-cookies\/<\/p><ul><li>Opera: Opera ha probabilmente il controllo sulla privacy dei cookie pi\u00f9 flessibile e specifico tra tutti i browser. Vai alla finestra Opera nella parte superiore e seleziona &#8220;Strumenti&#8221;. Seleziona &#8220;Preferenze&#8221;. Clicca su &#8220;Avanzate&#8221;. Seleziona &#8220;Accetta cookie&#8221; oppure &#8220;Accetta solo i cookie del sito che sto visitando&#8221; oppure \u201crifiuta cookie\u201d. Assicurati che &#8220;Elimina nuovi cookie alla chiusura di Opera&#8221; non sia selezionato. Ora puoi cliccare su &#8220;OK&#8221;. Per maggiori informazioni http:\/\/help.opera.com\/Linux\/10.60\/es-ES\/cookies.html<\/li><\/ul><p style=\"text-align: left;\"><b>4.- COOKIE UTILIZZATI<\/b><\/p><p style=\"text-align: left;\">\u00a0<\/p><h3 style=\"text-align: left;\"><span style=\"color: #333333; font-family: 'Nunito Sans'; font-size: 18px; font-weight: 300;\">Di seguito sono identificati i cookie utilizzati in questo portale, nonch\u00e9 la loro tipologia e funzione:<\/span><\/h3>\t\t\t\t\t\t\t\t<\/div>\n\t\t\t\t\t<\/div>\n\t\t\t\t<\/div>\n\t\t\t\t<\/div>\n\t\t","protected":false},"excerpt":{"rendered":"<p>Politica dei cookie 1.- Cosa sono i cookie? \u00a0 Un cookie \u00e8 un piccolo file di testo che viene memorizzato sul computer, tablet, telefono cellulare o, in generale, sul dispositivo utilizzato per navigare su Internet e che pu\u00f2 salvare informazioni relative alla frequenza con cui si visitano le pagine web, alle preferenze di navigazione, alle [&hellip;]<\/p>\n","protected":false},"author":1,"featured_media":0,"parent":0,"menu_order":0,"comment_status":"closed","ping_status":"closed","template":"full-width.php","meta":{"_acf_changed":false,"footnotes":""},"class_list":["post-2283","page","type-page","status-publish","hentry"],"acf":[],"yoast_head":"<!-- This site is optimized with the Yoast SEO plugin v27.1.1 - https:\/\/yoast.com\/product\/yoast-seo-wordpress\/ -->\n<title>Politica dei cookie - INEVENTIO<\/title>\n<meta name=\"robots\" content=\"noindex, nofollow\" \/>\n<meta property=\"og:locale\" content=\"it_IT\" \/>\n<meta property=\"og:type\" content=\"article\" \/>\n<meta property=\"og:title\" content=\"Politica dei cookie - INEVENTIO\" \/>\n<meta property=\"og:description\" content=\"Politica dei cookie 1.- Cosa sono i cookie? \u00a0 Un cookie \u00e8 un piccolo file di testo che viene memorizzato sul computer, tablet, telefono cellulare o, in generale, sul dispositivo utilizzato per navigare su Internet e che pu\u00f2 salvare informazioni relative alla frequenza con cui si visitano le pagine web, alle preferenze di navigazione, alle [&hellip;]\" \/>\n<meta property=\"og:url\" content=\"https:\/\/www.ineventio.com\/it\/politica-dei-cookie\/\" \/>\n<meta property=\"og:site_name\" content=\"INEVENTIO\" \/>\n<meta property=\"article:modified_time\" content=\"2026-03-05T10:26:16+00:00\" \/>\n<meta name=\"twitter:card\" content=\"summary_large_image\" \/>\n<meta name=\"twitter:label1\" content=\"Tempo di lettura stimato\" \/>\n\t<meta name=\"twitter:data1\" content=\"1 minuto\" \/>\n<script type=\"application\/ld+json\" class=\"yoast-schema-graph\">{\"@context\":\"https:\/\/schema.org\",\"@graph\":[{\"@type\":\"WebPage\",\"@id\":\"https:\/\/www.ineventio.com\/it\/politica-dei-cookie\/\",\"url\":\"https:\/\/www.ineventio.com\/it\/politica-dei-cookie\/\",\"name\":\"Politica dei cookie - INEVENTIO\",\"isPartOf\":{\"@id\":\"https:\/\/www.ineventio.com\/#website\"},\"datePublished\":\"2026-02-26T09:14:51+00:00\",\"dateModified\":\"2026-03-05T10:26:16+00:00\",\"breadcrumb\":{\"@id\":\"https:\/\/www.ineventio.com\/it\/politica-dei-cookie\/#breadcrumb\"},\"inLanguage\":\"it-IT\",\"potentialAction\":[{\"@type\":\"ReadAction\",\"target\":[\"https:\/\/www.ineventio.com\/it\/politica-dei-cookie\/\"]}]},{\"@type\":\"BreadcrumbList\",\"@id\":\"https:\/\/www.ineventio.com\/it\/politica-dei-cookie\/#breadcrumb\",\"itemListElement\":[{\"@type\":\"ListItem\",\"position\":1,\"name\":\"Portada\",\"item\":\"https:\/\/www.ineventio.com\/\"},{\"@type\":\"ListItem\",\"position\":2,\"name\":\"Politica dei cookie\"}]},{\"@type\":\"WebSite\",\"@id\":\"https:\/\/www.ineventio.com\/#website\",\"url\":\"https:\/\/www.ineventio.com\/\",\"name\":\"INEVENTIO\",\"description\":\"\",\"publisher\":{\"@id\":\"https:\/\/www.ineventio.com\/#organization\"},\"potentialAction\":[{\"@type\":\"SearchAction\",\"target\":{\"@type\":\"EntryPoint\",\"urlTemplate\":\"https:\/\/www.ineventio.com\/?s={search_term_string}\"},\"query-input\":{\"@type\":\"PropertyValueSpecification\",\"valueRequired\":true,\"valueName\":\"search_term_string\"}}],\"inLanguage\":\"it-IT\"},{\"@type\":\"Organization\",\"@id\":\"https:\/\/www.ineventio.com\/#organization\",\"name\":\"INEVENTIO\",\"url\":\"https:\/\/www.ineventio.com\/\",\"logo\":{\"@type\":\"ImageObject\",\"inLanguage\":\"it-IT\",\"@id\":\"https:\/\/www.ineventio.com\/#\/schema\/logo\/image\/\",\"url\":\"https:\/\/www.ineventio.com\/wp-content\/uploads\/2025\/11\/Ineventio-logotipo_color_00001.svg\",\"contentUrl\":\"https:\/\/www.ineventio.com\/wp-content\/uploads\/2025\/11\/Ineventio-logotipo_color_00001.svg\",\"width\":858,\"height\":230,\"caption\":\"INEVENTIO\"},\"image\":{\"@id\":\"https:\/\/www.ineventio.com\/#\/schema\/logo\/image\/\"}}]}<\/script>\n<!-- \/ Yoast SEO plugin. -->","yoast_head_json":{"title":"Politica dei cookie - INEVENTIO","robots":{"index":"noindex","follow":"nofollow"},"og_locale":"it_IT","og_type":"article","og_title":"Politica dei cookie - INEVENTIO","og_description":"Politica dei cookie 1.- Cosa sono i cookie? \u00a0 Un cookie \u00e8 un piccolo file di testo che viene memorizzato sul computer, tablet, telefono cellulare o, in generale, sul dispositivo utilizzato per navigare su Internet e che pu\u00f2 salvare informazioni relative alla frequenza con cui si visitano le pagine web, alle preferenze di navigazione, alle [&hellip;]","og_url":"https:\/\/www.ineventio.com\/it\/politica-dei-cookie\/","og_site_name":"INEVENTIO","article_modified_time":"2026-03-05T10:26:16+00:00","twitter_card":"summary_large_image","twitter_misc":{"Tempo di lettura stimato":"1 minuto"},"schema":{"@context":"https:\/\/schema.org","@graph":[{"@type":"WebPage","@id":"https:\/\/www.ineventio.com\/it\/politica-dei-cookie\/","url":"https:\/\/www.ineventio.com\/it\/politica-dei-cookie\/","name":"Politica dei cookie - INEVENTIO","isPartOf":{"@id":"https:\/\/www.ineventio.com\/#website"},"datePublished":"2026-02-26T09:14:51+00:00","dateModified":"2026-03-05T10:26:16+00:00","breadcrumb":{"@id":"https:\/\/www.ineventio.com\/it\/politica-dei-cookie\/#breadcrumb"},"inLanguage":"it-IT","potentialAction":[{"@type":"ReadAction","target":["https:\/\/www.ineventio.com\/it\/politica-dei-cookie\/"]}]},{"@type":"BreadcrumbList","@id":"https:\/\/www.ineventio.com\/it\/politica-dei-cookie\/#breadcrumb","itemListElement":[{"@type":"ListItem","position":1,"name":"Portada","item":"https:\/\/www.ineventio.com\/"},{"@type":"ListItem","position":2,"name":"Politica dei cookie"}]},{"@type":"WebSite","@id":"https:\/\/www.ineventio.com\/#website","url":"https:\/\/www.ineventio.com\/","name":"INEVENTIO","description":"","publisher":{"@id":"https:\/\/www.ineventio.com\/#organization"},"potentialAction":[{"@type":"SearchAction","target":{"@type":"EntryPoint","urlTemplate":"https:\/\/www.ineventio.com\/?s={search_term_string}"},"query-input":{"@type":"PropertyValueSpecification","valueRequired":true,"valueName":"search_term_string"}}],"inLanguage":"it-IT"},{"@type":"Organization","@id":"https:\/\/www.ineventio.com\/#organization","name":"INEVENTIO","url":"https:\/\/www.ineventio.com\/","logo":{"@type":"ImageObject","inLanguage":"it-IT","@id":"https:\/\/www.ineventio.com\/#\/schema\/logo\/image\/","url":"https:\/\/www.ineventio.com\/wp-content\/uploads\/2025\/11\/Ineventio-logotipo_color_00001.svg","contentUrl":"https:\/\/www.ineventio.com\/wp-content\/uploads\/2025\/11\/Ineventio-logotipo_color_00001.svg","width":858,"height":230,"caption":"INEVENTIO"},"image":{"@id":"https:\/\/www.ineventio.com\/#\/schema\/logo\/image\/"}}]}},"_links":{"self":[{"href":"https:\/\/www.ineventio.com\/it\/wp-json\/wp\/v2\/pages\/2283","targetHints":{"allow":["GET"]}}],"collection":[{"href":"https:\/\/www.ineventio.com\/it\/wp-json\/wp\/v2\/pages"}],"about":[{"href":"https:\/\/www.ineventio.com\/it\/wp-json\/wp\/v2\/types\/page"}],"author":[{"embeddable":true,"href":"https:\/\/www.ineventio.com\/it\/wp-json\/wp\/v2\/users\/1"}],"replies":[{"embeddable":true,"href":"https:\/\/www.ineventio.com\/it\/wp-json\/wp\/v2\/comments?post=2283"}],"version-history":[{"count":7,"href":"https:\/\/www.ineventio.com\/it\/wp-json\/wp\/v2\/pages\/2283\/revisions"}],"predecessor-version":[{"id":2291,"href":"https:\/\/www.ineventio.com\/it\/wp-json\/wp\/v2\/pages\/2283\/revisions\/2291"}],"wp:attachment":[{"href":"https:\/\/www.ineventio.com\/it\/wp-json\/wp\/v2\/media?parent=2283"}],"curies":[{"name":"wp","href":"https:\/\/api.w.org\/{rel}","templated":true}]}}