{"id":2293,"date":"2026-02-26T09:32:17","date_gmt":"2026-02-26T08:32:17","guid":{"rendered":"https:\/\/www.ineventio.com\/politica-de-privacidad\/"},"modified":"2026-03-05T11:33:37","modified_gmt":"2026-03-05T10:33:37","slug":"politica-de-privacidad","status":"publish","type":"page","link":"https:\/\/www.ineventio.com\/it\/politica-de-privacidad\/","title":{"rendered":"Politica sulla privacy"},"content":{"rendered":"\t\t<div data-elementor-type=\"wp-page\" data-elementor-id=\"2293\" class=\"elementor elementor-2293 elementor-1163\">\n\t\t\t\t<div class=\"elementor-element elementor-element-be296ec e-flex e-con-boxed e-con e-parent\" data-id=\"be296ec\" data-element_type=\"container\" data-e-type=\"container\">\n\t\t\t\t\t<div class=\"e-con-inner\">\n\t\t\t\t<div class=\"elementor-element elementor-element-8fea44d elementor-widget__width-initial elementor-align-left elementor-widget elementor-widget-raven-heading\" data-id=\"8fea44d\" data-element_type=\"widget\" data-e-type=\"widget\" data-widget_type=\"raven-heading.default\">\n\t\t\t\t<div class=\"elementor-widget-container\">\n\t\t\t\t\t\t\t<div class=\"raven-widget-wrapper\"><h1 class=\"raven-heading raven-heading-h1\"><span class=\"raven-heading-title \"><span style=\"border-bottom: 4px solid#c01944\">Politica<\/span> sulla privacy<\/span><\/h1><\/div>\n\t\t\t\t\t\t<\/div>\n\t\t\t\t<\/div>\n\t\t\t\t\t<\/div>\n\t\t\t\t<\/div>\n\t\t<div class=\"elementor-element elementor-element-81017a0 e-flex e-con-boxed e-con e-parent\" data-id=\"81017a0\" data-element_type=\"container\" data-e-type=\"container\">\n\t\t\t\t\t<div class=\"e-con-inner\">\n\t\t\t\t<div class=\"elementor-element elementor-element-bcdaa99 elementor-widget elementor-widget-text-editor\" data-id=\"bcdaa99\" data-element_type=\"widget\" data-e-type=\"widget\" data-widget_type=\"text-editor.default\">\n\t\t\t\t\t\t\t\t\t<p><b>1.- IDENTIFICAZIONE.<\/b><\/p>\n<p><b> <\/b><\/p>\n<p>Il presente avviso legale regola l\u2019uso del sito <a href=\"https:\/\/porticodelazahin.es\/\"> www.ineventio.<\/a>com (di seguito INEVENTIO o IL SITO WEB), di cui \u00e8 titolare INEVENTIO LUXURY EVENTS, S.L. (di seguito, PROPRIETARIO DEL SITO WEB).&nbsp;<\/p><p><br><\/p>\n<p>INEVENTIO mette a disposizione degli utenti del presente sito web i dati di informazione generale, in conformit\u00e0 con l\u2019articolo 10 della Legge 34\/2002 dell\u201911 luglio, sui Servizi della Societ\u00e0 dell\u2019Informazione e del Commercio Elettronico (la \u201cLSSICE\u201d).<\/p>\n<p>&nbsp;<\/p>\n<p>INEVENTIO \u00e8 un sito web di propriet\u00e0 e gestito da INEVENTIO LUXURY EVENTS, S.L.<\/p>\n<p>Numero di Identificazione Fiscale: NIF B16463523<br>\nSede legale: Avenida Rep\u00fablica Argentina 32 Piso 1A, Sevilla<br>\nEmail di contatto: oficina@ineventio.com<\/p>\n<p>&nbsp;<\/p>\n<p>Questa politica \u00e8 stata configurata nel pieno rispetto della normativa vigente in materia di protezione dei dati personali, tra cui, tra le altre, la Legge Organica 3\/2018 del 5 dicembre sulla Protezione dei Dati Personali e la Garanzia dei Diritti Digitali e il Regolamento Generale sulla Protezione dei Dati (UE) 2016\/679 del Parlamento Europeo e del Consiglio del 27 aprile 2016.<\/p>\n<p>&nbsp;<\/p>\n<p><b>2.- POLITICA SULLA PRIVACY<\/b><\/p>\n<p><b> <\/b><\/p>\n<p>La societ\u00e0 INEVENTIO con cui l\u2019utente contratta i servizi \u00e8 responsabile del trattamento dei dati personali che lei ha fornito e si assume la responsabilit\u00e0 di tali dati personali in conformit\u00e0 con la normativa applicabile in materia di protezione dei dati. Il proprietario e gestore \u00e8 INEVENTIO LUXURY EVENTS S.L., con NIF B16463523.<\/p>\n<p>Sede legale: Rep\u00fablica Argentina 32 1 A, Sevilla<br>\nEmail di contatto: oficina@ineventio.com<\/p>\n<p>&nbsp;<\/p>\n<p>I dati che raccogliamo su di lei sono conservati all\u2019interno dello Spazio Economico Europeo (\u00abSEE\u00bb), anche se possono essere trasferiti e trattati in un paese al di fuori del SEE. Qualsiasi trasferimento dei suoi dati personali sar\u00e0 effettuato in conformit\u00e0 con la normativa applicabile.<\/p>\n<p>I suoi dati possono essere condivisi da INEVENTIO (dettagliata nell\u2019intestazione di questo documento) in qualit\u00e0 di responsabile del trattamento dei dati personali.<br>\nNon cediamo, vendiamo n\u00e9 scambiamo mai i suoi dati personali con terze parti estranee a INEVENTIO. I dati inviati a terzi saranno utilizzati esclusivamente per offrirle i nostri servizi. Le indicheremo le categorie di terze parti che accedono ai suoi dati per ciascuna attivit\u00e0 di trattamento specifica.<\/p>\n<p>&nbsp;<\/p>\n<p>La base giuridica del trattamento \u00e8 l\u2019esecuzione del servizio da lei richiesto nonch\u00e9 il consenso da lei fornito per finalit\u00e0 diverse da tali servizi.<\/p>\n<p>&nbsp;<\/p>\n<p><b>Diritto di accesso:<\/b><br>\nQualsiasi persona ha il diritto di ottenere la conferma da parte di INEVENTIO che sia in corso o meno un trattamento di dati personali che la riguardano.<\/p>\n<p>&nbsp;<\/p>\n<p><b>Diritto alla portabilit\u00e0:<\/b><br>\nQuando INEVENTIO tratta i suoi dati personali tramite mezzi automatizzati sulla base del suo consenso o di un accordo, lei ha il diritto di ricevere una copia dei suoi dati in un formato strutturato, di uso comune e leggibile da dispositivo automatico, trasferita a suo nome o a un terzo. In tale copia saranno inclusi esclusivamente i dati personali che lei ci ha fornito.<\/p>\n<p>&nbsp;<\/p>\n<p><b>Diritto di rettifica:<\/b><br>\nLei ha il diritto di richiedere la rettifica dei suoi dati personali se inesatti, incluso il diritto di completare dati incompleti.<\/p>\n<p>&nbsp;<\/p>\n<p><b>Diritto alla cancellazione:<\/b><br>\nLei ha il diritto di ottenere senza ingiustificato ritardo la cancellazione di qualsiasi dato personale trattato da INEVENTIO in qualsiasi momento, salvo nei seguenti casi:<\/p>\n<p>&nbsp;<\/p>\n<p>* ha una richiesta in corso con il servizio di assistenza clienti<br>\n* ha un ordine o una prenotazione in sospeso non ancora completata o un ordine di gift box a domicilio non ancora consegnato<br>\n* si sospetta o \u00e8 confermato un utilizzo scorretto dei nostri servizi negli ultimi quattro anni<br>\n* ha effettuato un acquisto, per cui conserveremo i dati personali relativi alla transazione per obblighi contabili<br>\n* esiste un obbligo legale di conservazione dei dati.<\/p>\n<p>Lei ha il diritto di opporsi al trattamento dei suoi dati personali basato sul legittimo interesse di INEVENTIO. INEVENTIO non continuer\u00e0 a trattare i dati personali salvo che possa dimostrare motivi legittimi e prevalenti rispetto ai suoi interessi, diritti e libert\u00e0 oppure per l\u2019accertamento, l\u2019esercizio o la difesa di diritti in sede giudiziaria.<\/p>\n<p>&nbsp;<\/p>\n<p><b>Diritto di opposizione al marketing diretto:<\/b><br>\nLei ha il diritto di opporsi al marketing diretto, inclusa la profilazione effettuata per tale marketing diretto in relazione ai servizi da lei contrattati.<\/p>\n<p>Pu\u00f2 annullare l\u2019iscrizione al marketing diretto in qualsiasi momento seguendo le indicazioni presenti in ogni comunicazione commerciale.<\/p>\n<p>&nbsp;<\/p>\n<p><b>Diritto alla limitazione del trattamento:<\/b><br>\nLei ha il diritto di richiedere che INEVENTIO limiti il trattamento dei suoi dati personali nelle seguenti circostanze:<\/p>\n<p>* se si oppone al trattamento dei suoi dati basato sul legittimo interesse<br>\n* se contesta l\u2019esattezza dei suoi dati personali, INEVENTIO deve limitare il trattamento fino alla verifica della loro correttezza<br>\n* se il trattamento \u00e8 illecito, pu\u00f2 opporsi alla cancellazione dei dati personali e chiedere invece la limitazione del loro utilizzo<br>\n* se INEVENTIO non ha pi\u00f9 bisogno dei dati personali ma lei ne ha bisogno per l\u2019accertamento, l\u2019esercizio o la difesa di diritti.<\/p>\n<p>&nbsp;<\/p>\n<p><b>Esercizio dei diritti:<\/b><br>\nPrendiamo molto seriamente la protezione dei dati e disponiamo di personale dedicato all\u2019assistenza clienti per gestire le richieste relative ai diritti sopra indicati.<br>\nPer esercitare tali diritti dovr\u00e0 inviare la sua richiesta all\u2019indirizzo email oficina@ineventio.com allegando copia del suo documento di identit\u00e0.<\/p>\n<p>&nbsp;<\/p>\n<p><b>MARKETING DIRETTO<\/b><\/p>\n<p>Utilizzeremo i suoi dati personali per inviarle offerte di marketing, sondaggi informativi e inviti tramite email, messaggi di testo, telefonate e posta.<\/p>\n<p>&nbsp;<\/p>\n<p>Per ottimizzare la sua esperienza con INEVENTIO le forniremo informazioni pertinenti, raccomanderemo prodotti e invieremo promemoria di prenotazioni da completare, informazioni relative all\u2019acquisto di una gift box, comunicazioni nel caso qualcuno le abbia inviato un regalo o offerte personalizzate. Tutti questi servizi si basano sugli acquisti o prenotazioni precedenti, sulle sue preferenze e sulle informazioni da lei fornite.<\/p>\n<p><b>Tratteremo le seguenti categorie di dati personali:<\/b><\/p>\n<p><b> <\/b><\/p>\n<p>* informazioni di contatto come indirizzo email, numero di telefono e codice postale<br>\n* prodotti e offerte selezionati<br>\n* se ha confermato di voler ricevere informazioni su novit\u00e0 e promozioni.<\/p>\n<p>Il trattamento dei suoi dati personali si basa sul suo consenso al marketing diretto.<\/p>\n<p>Diritto di revoca del consenso:<\/p>\n<p>Lei ha il diritto di revocare il consenso al trattamento dei suoi dati personali in qualsiasi momento e di annullare l\u2019iscrizione al marketing diretto.<\/p>\n<p>&nbsp;<\/p>\n<p>In tal caso INEVENTIO non potr\u00e0 pi\u00f9 inviarle offerte o comunicazioni di marketing diretto basate sul suo consenso.<br>\nPu\u00f2 revocare il consenso seguendo le indicazioni presenti nelle comunicazioni commerciali oppure inviando una richiesta all\u2019indirizzo oficina@ineventio.com allegando copia del documento di identit\u00e0.<\/p>\n<p>Conserveremo i suoi dati per marketing diretto fino alla revoca del consenso.<\/p>\n<p>&nbsp;<\/p>\n<p><b>ASSISTENZA CLIENTI<\/b><\/p>\n<p><b> <\/b><\/p>\n<p>Utilizzeremo i suoi dati personali per gestire qualsiasi richiesta, reclamo o domanda relativa a prenotazioni passate o in sospeso, acquisti di gift box o consegna delle stesse, tramite telefono o social network.<\/p>\n<p>Potremmo anche contattarla in caso di problemi con il suo appuntamento.<\/p>\n<p>Tratteremo qualsiasi dato da lei fornito, comprese le seguenti categorie:<\/p>\n<p>* informazioni di contatto come indirizzo, email e numero di telefono<br>\n* informazioni relative all\u2019ordine o alla prenotazione<br>\n* corrispondenza relativa a qualsiasi richiesta.<\/p>\n<p>&nbsp;<\/p>\n<p>I dati inviati a terzi saranno utilizzati esclusivamente per offrirle i servizi sopra menzionati.<\/p>\n<p>La base giuridica del trattamento dei dati personali \u00e8 il legittimo interesse di INEVENTIO.<\/p>\n<p>Nei termini previsti dalla legge.<\/p>\n<p>&nbsp;<\/p>\n<p>Diritto di opposizione al trattamento basato sul legittimo interesse:<\/p>\n<p>&nbsp;<\/p>\n<p>Lei ha il diritto di opporsi al trattamento dei suoi dati personali basato sul legittimo interesse di INEVENTIO. INEVENTIO non continuer\u00e0 a trattare i dati personali salvo che possa dimostrare motivi legittimi prevalenti oppure per l\u2019esercizio o la difesa di diritti in sede giudiziaria.<\/p>\n<p>&nbsp;<\/p>\n<p><b>CONCORSI<\/b><\/p>\n<p><b> <\/b><\/p>\n<p>Tratteremo i suoi dati personali quando partecipa ai nostri concorsi, le cui basi saranno debitamente pubblicate e comunicate al momento opportuno. I suoi dati personali saranno utilizzati da INEVENTIO per contattare i partecipanti in merito al concorso, prima e dopo l\u2019evento, identificare i partecipanti, verificare l\u2019et\u00e0, contattare i vincitori o consegnare e monitorare la consegna dei premi.<\/p>\n<p>Tratteremo le seguenti categorie di dati personali:<\/p>\n<p>&nbsp;<\/p>\n<p>* informazioni di contatto come nome, indirizzo, email e numero di telefono<br>\n* et\u00e0<br>\n* informazioni fornite nel concorso<br>\n* immagini.<\/p>\n<p>&nbsp;<\/p>\n<p>Invieremo i suoi dati alle aziende incaricate della spedizione dei premi, che li utilizzeranno esclusivamente per offrire i servizi indicati.<\/p>\n<p>Il trattamento dei suoi dati personali si basa sul suo consenso quando decide di partecipare a un concorso.<\/p>\n<p>Diritto di revoca del consenso:<\/p>\n<p>Lei ha il diritto di revocare il consenso al trattamento dei suoi dati personali in qualsiasi momento. In tal caso INEVENTIO non potr\u00e0 offrirle i servizi sopra indicati.<\/p>\n<p>&nbsp;<\/p>\n<p>Nei termini previsti dalla legge e finch\u00e9 non revocher\u00e0 il suo consenso.<\/p>\n<p>&nbsp;<\/p>\n<p>Ultimo aggiornamento 22 febbraio 2026<\/p>\t\t\t\t\t\t\t\t<\/div>\n\t\t\t\t\t<\/div>\n\t\t\t\t<\/div>\n\t\t\t\t<\/div>\n\t\t","protected":false},"excerpt":{"rendered":"<p>Politica sulla privacy 1.- IDENTIFICAZIONE. Il presente avviso legale regola l\u2019uso del sito www.ineventio.com (di seguito INEVENTIO o IL SITO WEB), di cui \u00e8 titolare INEVENTIO LUXURY EVENTS, S.L. (di seguito, PROPRIETARIO DEL SITO WEB).&nbsp; INEVENTIO mette a disposizione degli utenti del presente sito web i dati di informazione generale, in conformit\u00e0 con l\u2019articolo 10 [&hellip;]<\/p>\n","protected":false},"author":1,"featured_media":0,"parent":0,"menu_order":0,"comment_status":"closed","ping_status":"closed","template":"full-width.php","meta":{"_acf_changed":false,"footnotes":""},"class_list":["post-2293","page","type-page","status-publish","hentry"],"acf":[],"yoast_head":"<!-- This site is optimized with the Yoast SEO plugin v27.1.1 - https:\/\/yoast.com\/product\/yoast-seo-wordpress\/ -->\n<title>Politica sulla privacy - INEVENTIO<\/title>\n<meta name=\"robots\" content=\"noindex, nofollow\" \/>\n<meta property=\"og:locale\" content=\"it_IT\" \/>\n<meta property=\"og:type\" content=\"article\" \/>\n<meta property=\"og:title\" content=\"Politica sulla privacy - INEVENTIO\" \/>\n<meta property=\"og:description\" content=\"Politica sulla privacy 1.- IDENTIFICAZIONE. Il presente avviso legale regola l\u2019uso del sito www.ineventio.com (di seguito INEVENTIO o IL SITO WEB), di cui \u00e8 titolare INEVENTIO LUXURY EVENTS, S.L. (di seguito, PROPRIETARIO DEL SITO WEB).&nbsp; INEVENTIO mette a disposizione degli utenti del presente sito web i dati di informazione generale, in conformit\u00e0 con l\u2019articolo 10 [&hellip;]\" \/>\n<meta property=\"og:url\" content=\"https:\/\/www.ineventio.com\/it\/politica-de-privacidad\/\" \/>\n<meta property=\"og:site_name\" content=\"INEVENTIO\" \/>\n<meta property=\"article:modified_time\" content=\"2026-03-05T10:33:37+00:00\" \/>\n<meta name=\"twitter:card\" content=\"summary_large_image\" \/>\n<meta name=\"twitter:label1\" content=\"Tempo di lettura stimato\" \/>\n\t<meta name=\"twitter:data1\" content=\"1 minuto\" \/>\n<script type=\"application\/ld+json\" class=\"yoast-schema-graph\">{\"@context\":\"https:\/\/schema.org\",\"@graph\":[{\"@type\":\"WebPage\",\"@id\":\"https:\/\/www.ineventio.com\/it\/politica-de-privacidad\/\",\"url\":\"https:\/\/www.ineventio.com\/it\/politica-de-privacidad\/\",\"name\":\"Politica sulla privacy - INEVENTIO\",\"isPartOf\":{\"@id\":\"https:\/\/www.ineventio.com\/#website\"},\"datePublished\":\"2026-02-26T08:32:17+00:00\",\"dateModified\":\"2026-03-05T10:33:37+00:00\",\"breadcrumb\":{\"@id\":\"https:\/\/www.ineventio.com\/it\/politica-de-privacidad\/#breadcrumb\"},\"inLanguage\":\"it-IT\",\"potentialAction\":[{\"@type\":\"ReadAction\",\"target\":[\"https:\/\/www.ineventio.com\/it\/politica-de-privacidad\/\"]}]},{\"@type\":\"BreadcrumbList\",\"@id\":\"https:\/\/www.ineventio.com\/it\/politica-de-privacidad\/#breadcrumb\",\"itemListElement\":[{\"@type\":\"ListItem\",\"position\":1,\"name\":\"Portada\",\"item\":\"https:\/\/www.ineventio.com\/\"},{\"@type\":\"ListItem\",\"position\":2,\"name\":\"Politica sulla privacy\"}]},{\"@type\":\"WebSite\",\"@id\":\"https:\/\/www.ineventio.com\/#website\",\"url\":\"https:\/\/www.ineventio.com\/\",\"name\":\"INEVENTIO\",\"description\":\"\",\"publisher\":{\"@id\":\"https:\/\/www.ineventio.com\/#organization\"},\"potentialAction\":[{\"@type\":\"SearchAction\",\"target\":{\"@type\":\"EntryPoint\",\"urlTemplate\":\"https:\/\/www.ineventio.com\/?s={search_term_string}\"},\"query-input\":{\"@type\":\"PropertyValueSpecification\",\"valueRequired\":true,\"valueName\":\"search_term_string\"}}],\"inLanguage\":\"it-IT\"},{\"@type\":\"Organization\",\"@id\":\"https:\/\/www.ineventio.com\/#organization\",\"name\":\"INEVENTIO\",\"url\":\"https:\/\/www.ineventio.com\/\",\"logo\":{\"@type\":\"ImageObject\",\"inLanguage\":\"it-IT\",\"@id\":\"https:\/\/www.ineventio.com\/#\/schema\/logo\/image\/\",\"url\":\"https:\/\/www.ineventio.com\/wp-content\/uploads\/2025\/11\/Ineventio-logotipo_color_00001.svg\",\"contentUrl\":\"https:\/\/www.ineventio.com\/wp-content\/uploads\/2025\/11\/Ineventio-logotipo_color_00001.svg\",\"width\":858,\"height\":230,\"caption\":\"INEVENTIO\"},\"image\":{\"@id\":\"https:\/\/www.ineventio.com\/#\/schema\/logo\/image\/\"}}]}<\/script>\n<!-- \/ Yoast SEO plugin. -->","yoast_head_json":{"title":"Politica sulla privacy - INEVENTIO","robots":{"index":"noindex","follow":"nofollow"},"og_locale":"it_IT","og_type":"article","og_title":"Politica sulla privacy - INEVENTIO","og_description":"Politica sulla privacy 1.- IDENTIFICAZIONE. Il presente avviso legale regola l\u2019uso del sito www.ineventio.com (di seguito INEVENTIO o IL SITO WEB), di cui \u00e8 titolare INEVENTIO LUXURY EVENTS, S.L. (di seguito, PROPRIETARIO DEL SITO WEB).&nbsp; INEVENTIO mette a disposizione degli utenti del presente sito web i dati di informazione generale, in conformit\u00e0 con l\u2019articolo 10 [&hellip;]","og_url":"https:\/\/www.ineventio.com\/it\/politica-de-privacidad\/","og_site_name":"INEVENTIO","article_modified_time":"2026-03-05T10:33:37+00:00","twitter_card":"summary_large_image","twitter_misc":{"Tempo di lettura stimato":"1 minuto"},"schema":{"@context":"https:\/\/schema.org","@graph":[{"@type":"WebPage","@id":"https:\/\/www.ineventio.com\/it\/politica-de-privacidad\/","url":"https:\/\/www.ineventio.com\/it\/politica-de-privacidad\/","name":"Politica sulla privacy - INEVENTIO","isPartOf":{"@id":"https:\/\/www.ineventio.com\/#website"},"datePublished":"2026-02-26T08:32:17+00:00","dateModified":"2026-03-05T10:33:37+00:00","breadcrumb":{"@id":"https:\/\/www.ineventio.com\/it\/politica-de-privacidad\/#breadcrumb"},"inLanguage":"it-IT","potentialAction":[{"@type":"ReadAction","target":["https:\/\/www.ineventio.com\/it\/politica-de-privacidad\/"]}]},{"@type":"BreadcrumbList","@id":"https:\/\/www.ineventio.com\/it\/politica-de-privacidad\/#breadcrumb","itemListElement":[{"@type":"ListItem","position":1,"name":"Portada","item":"https:\/\/www.ineventio.com\/"},{"@type":"ListItem","position":2,"name":"Politica sulla privacy"}]},{"@type":"WebSite","@id":"https:\/\/www.ineventio.com\/#website","url":"https:\/\/www.ineventio.com\/","name":"INEVENTIO","description":"","publisher":{"@id":"https:\/\/www.ineventio.com\/#organization"},"potentialAction":[{"@type":"SearchAction","target":{"@type":"EntryPoint","urlTemplate":"https:\/\/www.ineventio.com\/?s={search_term_string}"},"query-input":{"@type":"PropertyValueSpecification","valueRequired":true,"valueName":"search_term_string"}}],"inLanguage":"it-IT"},{"@type":"Organization","@id":"https:\/\/www.ineventio.com\/#organization","name":"INEVENTIO","url":"https:\/\/www.ineventio.com\/","logo":{"@type":"ImageObject","inLanguage":"it-IT","@id":"https:\/\/www.ineventio.com\/#\/schema\/logo\/image\/","url":"https:\/\/www.ineventio.com\/wp-content\/uploads\/2025\/11\/Ineventio-logotipo_color_00001.svg","contentUrl":"https:\/\/www.ineventio.com\/wp-content\/uploads\/2025\/11\/Ineventio-logotipo_color_00001.svg","width":858,"height":230,"caption":"INEVENTIO"},"image":{"@id":"https:\/\/www.ineventio.com\/#\/schema\/logo\/image\/"}}]}},"_links":{"self":[{"href":"https:\/\/www.ineventio.com\/it\/wp-json\/wp\/v2\/pages\/2293","targetHints":{"allow":["GET"]}}],"collection":[{"href":"https:\/\/www.ineventio.com\/it\/wp-json\/wp\/v2\/pages"}],"about":[{"href":"https:\/\/www.ineventio.com\/it\/wp-json\/wp\/v2\/types\/page"}],"author":[{"embeddable":true,"href":"https:\/\/www.ineventio.com\/it\/wp-json\/wp\/v2\/users\/1"}],"replies":[{"embeddable":true,"href":"https:\/\/www.ineventio.com\/it\/wp-json\/wp\/v2\/comments?post=2293"}],"version-history":[{"count":8,"href":"https:\/\/www.ineventio.com\/it\/wp-json\/wp\/v2\/pages\/2293\/revisions"}],"predecessor-version":[{"id":2303,"href":"https:\/\/www.ineventio.com\/it\/wp-json\/wp\/v2\/pages\/2293\/revisions\/2303"}],"wp:attachment":[{"href":"https:\/\/www.ineventio.com\/it\/wp-json\/wp\/v2\/media?parent=2293"}],"curies":[{"name":"wp","href":"https:\/\/api.w.org\/{rel}","templated":true}]}}